{"id":1015,"date":"2019-04-23T13:09:16","date_gmt":"2019-04-23T13:09:16","guid":{"rendered":"https:\/\/dugunoykusu.net\/armaluks\/?page_id=1015"},"modified":"2023-12-27T10:46:41","modified_gmt":"2023-12-27T10:46:41","slug":"projelerimiz","status":"publish","type":"page","link":"https:\/\/armaluks.com\/armaluks\/projelerimiz\/","title":{"rendered":"Projelerimiz"},"content":{"rendered":"\t\t<div data-elementor-type=\"wp-post\" data-elementor-id=\"1015\" class=\"elementor elementor-1015\" data-elementor-post-type=\"page\">\n\t\t\t\t\t\t<section class=\"elementor-section elementor-top-section elementor-element elementor-element-5545c1f elementor-section-boxed elementor-section-height-default elementor-section-height-default\" data-id=\"5545c1f\" data-element_type=\"section\" data-e-type=\"section\">\n\t\t\t\t\t\t<div class=\"elementor-container elementor-column-gap-default\">\n\t\t\t\t\t<div class=\"elementor-column elementor-col-100 elementor-top-column elementor-element elementor-element-2fb87c5\" data-id=\"2fb87c5\" data-element_type=\"column\" data-e-type=\"column\">\n\t\t\t<div class=\"elementor-widget-wrap elementor-element-populated\">\n\t\t\t\t\t\t<div class=\"elementor-element elementor-element-ccc73a3 elementor-widget elementor-widget-induxo-title\" data-id=\"ccc73a3\" data-element_type=\"widget\" data-e-type=\"widget\" data-widget_type=\"induxo-title.default\">\n\t\t\t\t<div class=\"elementor-widget-container\">\n\t\t\t\t\t         <div class=\"section-heading-content\">\n                  <small class=\"title-bg-small\">Temel <\/small>\n                    <h2 class=\"section-title title-center\">\n                  <span>Projelerimiz<\/span>            <\/h2>\n         <\/div><!-- Section title -->\t\t\n         \n\n     \n    \t\t\t\t<\/div>\n\t\t\t\t<\/div>\n\t\t\t\t<div class=\"elementor-element elementor-element-0a09590 elementor-widget elementor-widget-induxo-project\" data-id=\"0a09590\" data-element_type=\"widget\" data-e-type=\"widget\" data-widget_type=\"induxo-project.default\">\n\t\t\t\t<div class=\"elementor-widget-container\">\n\t\t\t\t\t                <div class=\"row\">\n           \n            <div class=\"col-md-4\">\n               <div class=\"recent-project-wrapper\">\n                  <div class=\"recent-project-img\">\n                     <img decoding=\"async\" src=\"https:\/\/armaluks.com\/armaluks\/wp-content\/uploads\/2023\/02\/lazer-kesim-03-mini-350x250.jpg\" alt=\" Profil Lazer Kesim - Lazer Markalama\">\n                  <\/div>\n                  <!-- end recent-project-img -->\n                                       <div class=\"recent-project-info\">\n                                                                     <p class=\"project-title project-category\">Hizmetlerimiz <\/p>\n                                                                        <h3 class=\"ts-title\"><a href=\"https:\/\/armaluks.com\/armaluks\/project\/profil-lazer-kesim-lazer-markalama\/\">Profil Lazer Kesim - Lazer Markalama<\/a><\/h3>\n                                             <\/div>\n                                    <!-- end recent-project-info -->\n               <\/div>\n               <!-- end recent-project-wrapper -->\n           <\/div>\n           \n            <div class=\"col-md-4\">\n               <div class=\"recent-project-wrapper\">\n                  <div class=\"recent-project-img\">\n                     <img decoding=\"async\" src=\"https:\/\/armaluks.com\/armaluks\/wp-content\/uploads\/2023\/02\/lazer-kesim-02-mini-350x250.jpg\" alt=\" Savunma Sanayi\">\n                  <\/div>\n                  <!-- end recent-project-img -->\n                                       <div class=\"recent-project-info\">\n                                                                     <p class=\"project-title project-category\">Hizmetlerimiz <\/p>\n                                                                        <h3 class=\"ts-title\"><a href=\"https:\/\/armaluks.com\/armaluks\/project\/savunma-sanayi-lazer-kesim\/\">Savunma Sanayi<\/a><\/h3>\n                                             <\/div>\n                                    <!-- end recent-project-info -->\n               <\/div>\n               <!-- end recent-project-wrapper -->\n           <\/div>\n           \n            <div class=\"col-md-4\">\n               <div class=\"recent-project-wrapper\">\n                  <div class=\"recent-project-img\">\n                     <img decoding=\"async\" src=\"https:\/\/armaluks.com\/armaluks\/wp-content\/uploads\/2023\/02\/armaluks-lazer-kesim-350x250.jpg\" alt=\" Sac Lazer Kesim\">\n                  <\/div>\n                  <!-- end recent-project-img -->\n                                       <div class=\"recent-project-info\">\n                                                                     <p class=\"project-title project-category\">Hizmetlerimiz <\/p>\n                                                                        <h3 class=\"ts-title\"><a href=\"https:\/\/armaluks.com\/armaluks\/project\/sac-lazer-kesim\/\">Sac Lazer Kesim<\/a><\/h3>\n                                             <\/div>\n                                    <!-- end recent-project-info -->\n               <\/div>\n               <!-- end recent-project-wrapper -->\n           <\/div>\n                  \n         <\/div>\n         \n       \n\n       \n       \n       \t\t\t\t<\/div>\n\t\t\t\t<\/div>\n\t\t\t\t\t<\/div>\n\t\t<\/div>\n\t\t\t\t\t<\/div>\n\t\t<\/section>\n\t\t\t\t<\/div>\n\t\t","protected":false},"excerpt":{"rendered":"<p>Temel Projelerimiz Hizmetlerimiz Profil Lazer Kesim &#8211; Lazer Markalama Hizmetlerimiz Savunma Sanayi Hizmetlerimiz Sac Lazer Kesim<\/p>\n","protected":false},"author":1,"featured_media":1646,"parent":0,"menu_order":0,"comment_status":"closed","ping_status":"closed","template":"template\/full-width-template.php","meta":{"footnotes":""},"class_list":["post-1015","page","type-page","status-publish","has-post-thumbnail","hentry"],"yoast_head":"<!-- This site is optimized with the Yoast SEO plugin v27.0 - https:\/\/yoast.com\/product\/yoast-seo-wordpress\/ -->\n<title>Projelerimiz - Armal\u00fcks Lazer Kesim - B\u00fck\u00fcm - \u00c7elik imalat<\/title>\n<meta name=\"robots\" content=\"index, follow, max-snippet:-1, max-image-preview:large, max-video-preview:-1\" \/>\n<link rel=\"canonical\" href=\"https:\/\/armaluks.com\/armaluks\/projelerimiz\/\" \/>\n<meta property=\"og:locale\" content=\"tr_TR\" \/>\n<meta property=\"og:type\" content=\"article\" \/>\n<meta property=\"og:title\" content=\"Projelerimiz - Armal\u00fcks Lazer Kesim - B\u00fck\u00fcm - \u00c7elik imalat\" \/>\n<meta property=\"og:description\" content=\"Temel Projelerimiz Hizmetlerimiz Profil Lazer Kesim &#8211; Lazer Markalama Hizmetlerimiz Savunma Sanayi Hizmetlerimiz Sac Lazer Kesim\" \/>\n<meta property=\"og:url\" content=\"https:\/\/armaluks.com\/armaluks\/projelerimiz\/\" \/>\n<meta property=\"og:site_name\" content=\"Armal\u00fcks Lazer Kesim - B\u00fck\u00fcm - \u00c7elik imalat\" \/>\n<meta property=\"article:modified_time\" content=\"2023-12-27T10:46:41+00:00\" \/>\n<meta property=\"og:image\" content=\"https:\/\/armaluks.com\/armaluks\/wp-content\/uploads\/2023\/02\/lazer-kesim-01-mini.jpg\" \/>\n\t<meta property=\"og:image:width\" content=\"1100\" \/>\n\t<meta property=\"og:image:height\" content=\"550\" \/>\n\t<meta property=\"og:image:type\" content=\"image\/jpeg\" \/>\n<meta name=\"twitter:card\" content=\"summary_large_image\" \/>\n<meta name=\"twitter:label1\" content=\"Tahmini okuma s\u00fcresi\" \/>\n\t<meta name=\"twitter:data1\" content=\"2 dakika\" \/>\n<script type=\"application\/ld+json\" class=\"yoast-schema-graph\">{\"@context\":\"https:\/\/schema.org\",\"@graph\":[{\"@type\":\"WebPage\",\"@id\":\"https:\/\/armaluks.com\/armaluks\/projelerimiz\/\",\"url\":\"https:\/\/armaluks.com\/armaluks\/projelerimiz\/\",\"name\":\"Projelerimiz - Armal\u00fcks Lazer Kesim - B\u00fck\u00fcm - \u00c7elik imalat\",\"isPartOf\":{\"@id\":\"https:\/\/armaluks.com\/armaluks\/#website\"},\"primaryImageOfPage\":{\"@id\":\"https:\/\/armaluks.com\/armaluks\/projelerimiz\/#primaryimage\"},\"image\":{\"@id\":\"https:\/\/armaluks.com\/armaluks\/projelerimiz\/#primaryimage\"},\"thumbnailUrl\":\"https:\/\/armaluks.com\/armaluks\/wp-content\/uploads\/2023\/02\/lazer-kesim-01-mini.jpg\",\"datePublished\":\"2019-04-23T13:09:16+00:00\",\"dateModified\":\"2023-12-27T10:46:41+00:00\",\"breadcrumb\":{\"@id\":\"https:\/\/armaluks.com\/armaluks\/projelerimiz\/#breadcrumb\"},\"inLanguage\":\"tr\",\"potentialAction\":[{\"@type\":\"ReadAction\",\"target\":[\"https:\/\/armaluks.com\/armaluks\/projelerimiz\/\"]}]},{\"@type\":\"ImageObject\",\"inLanguage\":\"tr\",\"@id\":\"https:\/\/armaluks.com\/armaluks\/projelerimiz\/#primaryimage\",\"url\":\"https:\/\/armaluks.com\/armaluks\/wp-content\/uploads\/2023\/02\/lazer-kesim-01-mini.jpg\",\"contentUrl\":\"https:\/\/armaluks.com\/armaluks\/wp-content\/uploads\/2023\/02\/lazer-kesim-01-mini.jpg\",\"width\":1100,\"height\":550},{\"@type\":\"BreadcrumbList\",\"@id\":\"https:\/\/armaluks.com\/armaluks\/projelerimiz\/#breadcrumb\",\"itemListElement\":[{\"@type\":\"ListItem\",\"position\":1,\"name\":\"Anasayfa\",\"item\":\"https:\/\/armaluks.com\/armaluks\/\"},{\"@type\":\"ListItem\",\"position\":2,\"name\":\"Projelerimiz\"}]},{\"@type\":\"WebSite\",\"@id\":\"https:\/\/armaluks.com\/armaluks\/#website\",\"url\":\"https:\/\/armaluks.com\/armaluks\/\",\"name\":\"Armal\u00fcks Lazer Kesim - B\u00fck\u00fcm\",\"description\":\"ANKARA FASON LAZER KES\u0130M\",\"publisher\":{\"@id\":\"https:\/\/armaluks.com\/armaluks\/#organization\"},\"potentialAction\":[{\"@type\":\"SearchAction\",\"target\":{\"@type\":\"EntryPoint\",\"urlTemplate\":\"https:\/\/armaluks.com\/armaluks\/?s={search_term_string}\"},\"query-input\":{\"@type\":\"PropertyValueSpecification\",\"valueRequired\":true,\"valueName\":\"search_term_string\"}}],\"inLanguage\":\"tr\"},{\"@type\":\"Organization\",\"@id\":\"https:\/\/armaluks.com\/armaluks\/#organization\",\"name\":\"Armal\u00fcks Lazer Kesim - B\u00fck\u00fcm - \u00c7elik \u0130malat\",\"url\":\"https:\/\/armaluks.com\/armaluks\/\",\"logo\":{\"@type\":\"ImageObject\",\"inLanguage\":\"tr\",\"@id\":\"https:\/\/armaluks.com\/armaluks\/#\/schema\/logo\/image\/\",\"url\":\"https:\/\/armaluks.com\/armaluks\/wp-content\/uploads\/2023\/03\/Armaluks-logo-02-01-01a.png\",\"contentUrl\":\"https:\/\/armaluks.com\/armaluks\/wp-content\/uploads\/2023\/03\/Armaluks-logo-02-01-01a.png\",\"width\":2505,\"height\":848,\"caption\":\"Armal\u00fcks Lazer Kesim - B\u00fck\u00fcm - \u00c7elik \u0130malat\"},\"image\":{\"@id\":\"https:\/\/armaluks.com\/armaluks\/#\/schema\/logo\/image\/\"},\"sameAs\":[\"https:\/\/instagram.com\/lazer06armaluks\"]}]}<\/script>\n<!-- \/ Yoast SEO plugin. -->","yoast_head_json":{"title":"Projelerimiz - Armal\u00fcks Lazer Kesim - B\u00fck\u00fcm - \u00c7elik imalat","robots":{"index":"index","follow":"follow","max-snippet":"max-snippet:-1","max-image-preview":"max-image-preview:large","max-video-preview":"max-video-preview:-1"},"canonical":"https:\/\/armaluks.com\/armaluks\/projelerimiz\/","og_locale":"tr_TR","og_type":"article","og_title":"Projelerimiz - Armal\u00fcks Lazer Kesim - B\u00fck\u00fcm - \u00c7elik imalat","og_description":"Temel Projelerimiz Hizmetlerimiz Profil Lazer Kesim &#8211; Lazer Markalama Hizmetlerimiz Savunma Sanayi Hizmetlerimiz Sac Lazer Kesim","og_url":"https:\/\/armaluks.com\/armaluks\/projelerimiz\/","og_site_name":"Armal\u00fcks Lazer Kesim - B\u00fck\u00fcm - \u00c7elik imalat","article_modified_time":"2023-12-27T10:46:41+00:00","og_image":[{"width":1100,"height":550,"url":"https:\/\/armaluks.com\/armaluks\/wp-content\/uploads\/2023\/02\/lazer-kesim-01-mini.jpg","type":"image\/jpeg"}],"twitter_card":"summary_large_image","twitter_misc":{"Tahmini okuma s\u00fcresi":"2 dakika"},"schema":{"@context":"https:\/\/schema.org","@graph":[{"@type":"WebPage","@id":"https:\/\/armaluks.com\/armaluks\/projelerimiz\/","url":"https:\/\/armaluks.com\/armaluks\/projelerimiz\/","name":"Projelerimiz - Armal\u00fcks Lazer Kesim - B\u00fck\u00fcm - \u00c7elik imalat","isPartOf":{"@id":"https:\/\/armaluks.com\/armaluks\/#website"},"primaryImageOfPage":{"@id":"https:\/\/armaluks.com\/armaluks\/projelerimiz\/#primaryimage"},"image":{"@id":"https:\/\/armaluks.com\/armaluks\/projelerimiz\/#primaryimage"},"thumbnailUrl":"https:\/\/armaluks.com\/armaluks\/wp-content\/uploads\/2023\/02\/lazer-kesim-01-mini.jpg","datePublished":"2019-04-23T13:09:16+00:00","dateModified":"2023-12-27T10:46:41+00:00","breadcrumb":{"@id":"https:\/\/armaluks.com\/armaluks\/projelerimiz\/#breadcrumb"},"inLanguage":"tr","potentialAction":[{"@type":"ReadAction","target":["https:\/\/armaluks.com\/armaluks\/projelerimiz\/"]}]},{"@type":"ImageObject","inLanguage":"tr","@id":"https:\/\/armaluks.com\/armaluks\/projelerimiz\/#primaryimage","url":"https:\/\/armaluks.com\/armaluks\/wp-content\/uploads\/2023\/02\/lazer-kesim-01-mini.jpg","contentUrl":"https:\/\/armaluks.com\/armaluks\/wp-content\/uploads\/2023\/02\/lazer-kesim-01-mini.jpg","width":1100,"height":550},{"@type":"BreadcrumbList","@id":"https:\/\/armaluks.com\/armaluks\/projelerimiz\/#breadcrumb","itemListElement":[{"@type":"ListItem","position":1,"name":"Anasayfa","item":"https:\/\/armaluks.com\/armaluks\/"},{"@type":"ListItem","position":2,"name":"Projelerimiz"}]},{"@type":"WebSite","@id":"https:\/\/armaluks.com\/armaluks\/#website","url":"https:\/\/armaluks.com\/armaluks\/","name":"Armal\u00fcks Lazer Kesim - B\u00fck\u00fcm","description":"ANKARA FASON LAZER KES\u0130M","publisher":{"@id":"https:\/\/armaluks.com\/armaluks\/#organization"},"potentialAction":[{"@type":"SearchAction","target":{"@type":"EntryPoint","urlTemplate":"https:\/\/armaluks.com\/armaluks\/?s={search_term_string}"},"query-input":{"@type":"PropertyValueSpecification","valueRequired":true,"valueName":"search_term_string"}}],"inLanguage":"tr"},{"@type":"Organization","@id":"https:\/\/armaluks.com\/armaluks\/#organization","name":"Armal\u00fcks Lazer Kesim - B\u00fck\u00fcm - \u00c7elik \u0130malat","url":"https:\/\/armaluks.com\/armaluks\/","logo":{"@type":"ImageObject","inLanguage":"tr","@id":"https:\/\/armaluks.com\/armaluks\/#\/schema\/logo\/image\/","url":"https:\/\/armaluks.com\/armaluks\/wp-content\/uploads\/2023\/03\/Armaluks-logo-02-01-01a.png","contentUrl":"https:\/\/armaluks.com\/armaluks\/wp-content\/uploads\/2023\/03\/Armaluks-logo-02-01-01a.png","width":2505,"height":848,"caption":"Armal\u00fcks Lazer Kesim - B\u00fck\u00fcm - \u00c7elik \u0130malat"},"image":{"@id":"https:\/\/armaluks.com\/armaluks\/#\/schema\/logo\/image\/"},"sameAs":["https:\/\/instagram.com\/lazer06armaluks"]}]}},"_links":{"self":[{"href":"https:\/\/armaluks.com\/armaluks\/wp-json\/wp\/v2\/pages\/1015","targetHints":{"allow":["GET"]}}],"collection":[{"href":"https:\/\/armaluks.com\/armaluks\/wp-json\/wp\/v2\/pages"}],"about":[{"href":"https:\/\/armaluks.com\/armaluks\/wp-json\/wp\/v2\/types\/page"}],"author":[{"embeddable":true,"href":"https:\/\/armaluks.com\/armaluks\/wp-json\/wp\/v2\/users\/1"}],"replies":[{"embeddable":true,"href":"https:\/\/armaluks.com\/armaluks\/wp-json\/wp\/v2\/comments?post=1015"}],"version-history":[{"count":18,"href":"https:\/\/armaluks.com\/armaluks\/wp-json\/wp\/v2\/pages\/1015\/revisions"}],"predecessor-version":[{"id":2069,"href":"https:\/\/armaluks.com\/armaluks\/wp-json\/wp\/v2\/pages\/1015\/revisions\/2069"}],"wp:featuredmedia":[{"embeddable":true,"href":"https:\/\/armaluks.com\/armaluks\/wp-json\/wp\/v2\/media\/1646"}],"wp:attachment":[{"href":"https:\/\/armaluks.com\/armaluks\/wp-json\/wp\/v2\/media?parent=1015"}],"curies":[{"name":"wp","href":"https:\/\/api.w.org\/{rel}","templated":true}]}}