{"id":1270,"date":"2019-04-25T11:25:37","date_gmt":"2019-04-25T11:25:37","guid":{"rendered":"https:\/\/dugunoykusu.net\/armaluks\/?page_id=1270"},"modified":"2025-11-06T10:50:29","modified_gmt":"2025-11-06T10:50:29","slug":"iletisim","status":"publish","type":"page","link":"https:\/\/armaluks.com\/armaluks\/iletisim\/","title":{"rendered":"\u0130leti\u015fim"},"content":{"rendered":"\t\t<div data-elementor-type=\"wp-post\" data-elementor-id=\"1270\" class=\"elementor elementor-1270\" data-elementor-post-type=\"page\">\n\t\t\t\t\t\t<section class=\"elementor-section elementor-top-section elementor-element elementor-element-79d4a3f elementor-section-boxed elementor-section-height-default elementor-section-height-default\" data-id=\"79d4a3f\" data-element_type=\"section\" data-e-type=\"section\">\n\t\t\t\t\t\t<div class=\"elementor-container elementor-column-gap-default\">\n\t\t\t\t\t<div class=\"elementor-column elementor-col-50 elementor-top-column elementor-element elementor-element-5277712\" data-id=\"5277712\" data-element_type=\"column\" data-e-type=\"column\" data-settings=\"{&quot;background_background&quot;:&quot;classic&quot;}\">\n\t\t\t<div class=\"elementor-widget-wrap elementor-element-populated\">\n\t\t\t\t\t\t<div class=\"elementor-element elementor-element-b60c56a elementor-widget elementor-widget-induxo-title\" data-id=\"b60c56a\" data-element_type=\"widget\" data-e-type=\"widget\" data-widget_type=\"induxo-title.default\">\n\t\t\t\t<div class=\"elementor-widget-container\">\n\t\t\t\t\t         <div class=\"section-heading-content\">\n                  <small class=\"title-bg-small\"><\/small>\n                    <h2 class=\"section-title title-center\">\n                 Bize Mesaj\u0131n\u0131z\u0131 <span>\u0130letin<\/span>            <\/h2>\n         <\/div><!-- Section title -->\t\t\n         \n\n     \n    \t\t\t\t<\/div>\n\t\t\t\t<\/div>\n\t\t\t\t<div class=\"elementor-element elementor-element-e14caee elementor-widget elementor-widget-shortcode\" data-id=\"e14caee\" data-element_type=\"widget\" data-e-type=\"widget\" data-widget_type=\"shortcode.default\">\n\t\t\t\t<div class=\"elementor-widget-container\">\n\t\t\t\t\t\t\t<div class=\"elementor-shortcode\">\n<div class=\"wpcf7 no-js\" id=\"wpcf7-f358-o1\" lang=\"en-US\" dir=\"ltr\" data-wpcf7-id=\"358\">\n<div class=\"screen-reader-response\"><p role=\"status\" aria-live=\"polite\" aria-atomic=\"true\"><\/p> <ul><\/ul><\/div>\n<form action=\"\/armaluks\/wp-json\/wp\/v2\/pages\/1270#wpcf7-f358-o1\" method=\"post\" class=\"wpcf7-form init\" aria-label=\"Contact form\" novalidate=\"novalidate\" data-status=\"init\">\n<fieldset class=\"hidden-fields-container\"><input type=\"hidden\" name=\"_wpcf7\" value=\"358\" \/><input type=\"hidden\" name=\"_wpcf7_version\" value=\"6.1.5\" \/><input type=\"hidden\" name=\"_wpcf7_locale\" value=\"en_US\" \/><input type=\"hidden\" name=\"_wpcf7_unit_tag\" value=\"wpcf7-f358-o1\" \/><input type=\"hidden\" name=\"_wpcf7_container_post\" value=\"0\" \/><input type=\"hidden\" name=\"_wpcf7_posted_data_hash\" value=\"\" \/>\n<\/fieldset>\n<div class=\"ts-contact-form\">\n\t<div class=\"ts-form-group\">\n\t\t<div class=\"ts-form contactMe\">\n\t\t\t<div class=\"row\">\n\t\t\t\t<div class=\"col-lg-6\">\n\t\t\t\t\t<p><span class=\"wpcf7-form-control-wrap\" data-name=\"text-49\"><input size=\"40\" maxlength=\"400\" class=\"wpcf7-form-control wpcf7-text form-control field\" aria-invalid=\"false\" placeholder=\"Ad\u0131n\u0131z\" value=\"\" type=\"text\" name=\"text-49\" \/><\/span>\n\t\t\t\t\t<\/p>\n\t\t\t\t<\/div>\n\t\t\t\t<div class=\"col-lg-6\">\n\t\t\t\t\t<p><span class=\"wpcf7-form-control-wrap\" data-name=\"text-49\"><input size=\"40\" maxlength=\"400\" class=\"wpcf7-form-control wpcf7-text form-control field\" aria-invalid=\"false\" placeholder=\"Soy Ad\u0131n\u0131z\" value=\"\" type=\"text\" name=\"text-49\" \/><\/span>\n\t\t\t\t\t<\/p>\n\t\t\t\t<\/div>\n\t\t\t<\/div>\n\t\t\t<div class=\"row\">\n\t\t\t\t<div class=\"col-lg-6\">\n\t\t\t\t\t<p><span class=\"wpcf7-form-control-wrap\" data-name=\"email-980\"><input size=\"40\" maxlength=\"400\" class=\"wpcf7-form-control wpcf7-email wpcf7-validates-as-required wpcf7-text wpcf7-validates-as-email form-control field\" aria-required=\"true\" aria-invalid=\"false\" placeholder=\"Email\" value=\"\" type=\"email\" name=\"email-980\" \/><\/span>\n\t\t\t\t\t<\/p>\n\t\t\t\t<\/div>\n\t\t\t\t<div class=\"col-lg-6\">\n\t\t\t\t\t<p><span class=\"wpcf7-form-control-wrap\" data-name=\"tel-897\"><input size=\"40\" maxlength=\"400\" class=\"wpcf7-form-control wpcf7-tel wpcf7-text wpcf7-validates-as-tel form-control field\" aria-invalid=\"false\" placeholder=\"Tel No\" value=\"\" type=\"tel\" name=\"tel-897\" \/><\/span>\n\t\t\t\t\t<\/p>\n\t\t\t\t<\/div>\n\t\t\t\t<div class=\"col-lg-6\">\n\t\t\t\t\t<p><span class=\"wpcf7-form-control-wrap\" data-name=\"text-49\"><input size=\"40\" maxlength=\"400\" class=\"wpcf7-form-control wpcf7-text form-control field\" aria-invalid=\"false\" placeholder=\"Konu\" value=\"\" type=\"text\" name=\"text-49\" \/><\/span>\n\t\t\t\t\t<\/p>\n\t\t\t\t<\/div>\n\t\t\t\t<div class=\"col-lg-6\">\n\t\t\t\t\t<p><span class=\"wpcf7-form-control-wrap\" data-name=\"menu-943\"><select class=\"wpcf7-form-control wpcf7-select form-control field\" aria-invalid=\"false\" name=\"menu-943\"><option value=\"Hizmet Brimi Se\u00e7iniz\">Hizmet Brimi Se\u00e7iniz<\/option><option value=\"Lazer Kesim\">Lazer Kesim<\/option><option value=\"Lazer Markalama\">Lazer Markalama<\/option><option value=\"B\u00fck\u00fcm\">B\u00fck\u00fcm<\/option><option value=\"\u00c7elik \u0130malat\">\u00c7elik \u0130malat<\/option><\/select><\/span>\n\t\t\t\t\t<\/p>\n\t\t\t\t<\/div>\n\t\t\t<\/div>\n\t\t\t<p><span class=\"wpcf7-form-control-wrap\" data-name=\"textarea-463\"><textarea cols=\"40\" rows=\"10\" maxlength=\"2000\" class=\"wpcf7-form-control wpcf7-textarea wpcf7-validates-as-required form-control message-box field\" aria-required=\"true\" aria-invalid=\"false\" placeholder=\"Mesaj\u0131n\u0131z\" name=\"textarea-463\"><\/textarea><\/span>\n\t\t\t<\/p>\n\t\t\t<div class=\"ts-btn-wraper\">\n\t\t\t\t<p><input class=\"wpcf7-form-control wpcf7-submit has-spinner btn\" type=\"submit\" value=\"G\u00f6nder\" \/>\n\t\t\t\t<\/p>\n\t\t\t<\/div>\n\t\t\t<div class=\"msg\">\n\t\t\t<\/div>\n\t\t<\/div>\n\t<\/div>\n<\/div><div class=\"wpcf7-response-output\" aria-hidden=\"true\"><\/div>\n<\/form>\n<\/div>\n<\/div>\n\t\t\t\t\t\t<\/div>\n\t\t\t\t<\/div>\n\t\t\t\t\t<\/div>\n\t\t<\/div>\n\t\t\t\t<div class=\"elementor-column elementor-col-50 elementor-top-column elementor-element elementor-element-8398a65\" data-id=\"8398a65\" data-element_type=\"column\" data-e-type=\"column\" data-settings=\"{&quot;background_background&quot;:&quot;classic&quot;}\">\n\t\t\t<div class=\"elementor-widget-wrap elementor-element-populated\">\n\t\t\t\t\t\t<section class=\"elementor-section elementor-inner-section elementor-element elementor-element-b0c5fb4 elementor-section-boxed elementor-section-height-default elementor-section-height-default\" data-id=\"b0c5fb4\" data-element_type=\"section\" data-e-type=\"section\">\n\t\t\t\t\t\t<div class=\"elementor-container elementor-column-gap-default\">\n\t\t\t\t\t<div class=\"elementor-column elementor-col-100 elementor-inner-column elementor-element elementor-element-ed8a379\" data-id=\"ed8a379\" data-element_type=\"column\" data-e-type=\"column\">\n\t\t\t<div class=\"elementor-widget-wrap elementor-element-populated\">\n\t\t\t\t\t\t<div class=\"elementor-element elementor-element-96f8dd8 elementor-widget elementor-widget-induxo-title\" data-id=\"96f8dd8\" data-element_type=\"widget\" data-e-type=\"widget\" data-widget_type=\"induxo-title.default\">\n\t\t\t\t<div class=\"elementor-widget-container\">\n\t\t\t\t\t         <div class=\"section-heading-content\">\n                     <h2 class=\"section-title title-left\">\n                 Merkez <span>At\u00f6lyemiz<\/span>            <\/h2>\n         <\/div><!-- Section title -->\t\t\n         \n\n     \n    \t\t\t\t<\/div>\n\t\t\t\t<\/div>\n\t\t\t\t<div class=\"elementor-element elementor-element-5909272 elementor-widget elementor-widget-heading\" data-id=\"5909272\" data-element_type=\"widget\" data-e-type=\"widget\" data-widget_type=\"heading.default\">\n\t\t\t\t<div class=\"elementor-widget-container\">\n\t\t\t\t\t<h2 class=\"elementor-heading-title elementor-size-default\">Merkez<\/h2>\t\t\t\t<\/div>\n\t\t\t\t<\/div>\n\t\t\t\t<div class=\"elementor-element elementor-element-47f1867 elementor-widget elementor-widget-text-editor\" data-id=\"47f1867\" data-element_type=\"widget\" data-e-type=\"widget\" data-widget_type=\"text-editor.default\">\n\t\t\t\t<div class=\"elementor-widget-container\">\n\t\t\t\t\t\t\t\t\t<p>\u00a0<\/p><p>Tel:<\/p><p><a href=\"tel:+905301455213\">0530 145 52 13<\/a><br \/><a href=\"tel:05334422215\">0533 442 22 15<\/a><br \/>0536 016 64 84<\/p><p>Email:\u00a0<a href=\"mailto:info@armaluks.com\">info@armaluks.com<\/a><\/p>\t\t\t\t\t\t\t\t<\/div>\n\t\t\t\t<\/div>\n\t\t\t\t<div class=\"elementor-element elementor-element-2b99c98 elementor-widget elementor-widget-heading\" data-id=\"2b99c98\" data-element_type=\"widget\" data-e-type=\"widget\" data-widget_type=\"heading.default\">\n\t\t\t\t<div class=\"elementor-widget-container\">\n\t\t\t\t\t<h2 class=\"elementor-heading-title elementor-size-default\">Kazan \/ Fabrika<\/h2>\t\t\t\t<\/div>\n\t\t\t\t<\/div>\n\t\t\t\t<div class=\"elementor-element elementor-element-6bc6dd4 elementor-widget__width-initial elementor-widget elementor-widget-text-editor\" data-id=\"6bc6dd4\" data-element_type=\"widget\" data-e-type=\"widget\" data-widget_type=\"text-editor.default\">\n\t\t\t\t<div class=\"elementor-widget-container\">\n\t\t\t\t\t\t\t\t\t<p>Saray mahallesi 134. Cadde No:\u00a03\/ E-F\u00a0 Kahramankazan \/Ankara \/T\u00fcrkiye<\/p><p>Tel:<\/p><p><a style=\"font-family: var( --e-global-typography-text-font-family ), Sans-serif; font-weight: var( --e-global-typography-text-font-weight ); background-color: #f7f9fb;\" href=\"tel:+905301455213\">0530 145 52 13<\/a><br \/><span style=\"color: var( --e-global-color-text ); font-family: var( --e-global-typography-text-font-family ), Sans-serif; font-weight: var( --e-global-typography-text-font-weight );\">0536 016 64 84<\/span><\/p><p><span style=\"color: var( --e-global-color-text ); font-family: var( --e-global-typography-text-font-family ), Sans-serif; font-weight: var( --e-global-typography-text-font-weight );\">Email:\u00a0<\/span><a style=\"font-family: var( --e-global-typography-text-font-family ), Sans-serif; font-weight: var( --e-global-typography-text-font-weight ); background-color: #f7f9fb;\" href=\"mailto:info@armaluks.com\">info@armaluks.com<\/a><\/p>\t\t\t\t\t\t\t\t<\/div>\n\t\t\t\t<\/div>\n\t\t\t\t\t<\/div>\n\t\t<\/div>\n\t\t\t\t\t<\/div>\n\t\t<\/section>\n\t\t\t\t\t<\/div>\n\t\t<\/div>\n\t\t\t\t\t<\/div>\n\t\t<\/section>\n\t\t\t\t<section class=\"elementor-section elementor-top-section elementor-element elementor-element-374d320 elementor-section-full_width elementor-section-height-default elementor-section-height-default\" data-id=\"374d320\" data-element_type=\"section\" data-e-type=\"section\">\n\t\t\t\t\t\t<div class=\"elementor-container elementor-column-gap-no\">\n\t\t\t\t\t<div class=\"elementor-column elementor-col-100 elementor-top-column elementor-element elementor-element-f9d1650\" data-id=\"f9d1650\" data-element_type=\"column\" data-e-type=\"column\">\n\t\t\t<div class=\"elementor-widget-wrap elementor-element-populated\">\n\t\t\t\t\t\t<div class=\"elementor-element elementor-element-b51b68f elementor-widget elementor-widget-google_maps\" data-id=\"b51b68f\" data-element_type=\"widget\" data-e-type=\"widget\" data-widget_type=\"google_maps.default\">\n\t\t\t\t<div class=\"elementor-widget-container\">\n\t\t\t\t\t\t\t<div class=\"elementor-custom-embed\">\n\t\t\t<iframe loading=\"lazy\"\n\t\t\t\t\tsrc=\"https:\/\/www.google.com\/maps\/embed\/v1\/place?key=https:\/\/maps.app.goo.gl\/JPDrACMzAe8Na3Jy6&#038;q=Vfij8jqnLajHaajg8&#038;zoom=12\"\n\t\t\t\t\ttitle=\"Vfij8jqnLajHaajg8\"\n\t\t\t\t\taria-label=\"Vfij8jqnLajHaajg8\"\n\t\t\t><\/iframe>\n\t\t<\/div>\n\t\t\t\t\t\t<\/div>\n\t\t\t\t<\/div>\n\t\t\t\t\t<\/div>\n\t\t<\/div>\n\t\t\t\t\t<\/div>\n\t\t<\/section>\n\t\t\t\t<\/div>\n\t\t","protected":false},"excerpt":{"rendered":"<p>Bize Mesaj\u0131n\u0131z\u0131 \u0130letin Merkez At\u00f6lyemiz Merkez \u00a0 Tel: 0530 145 52 130533 442 22 150536 016 64 84 Email:\u00a0info@armaluks.com Kazan \/ Fabrika Saray mahallesi 134. Cadde No:\u00a03\/ E-F\u00a0 Kahramankazan \/Ankara \/T\u00fcrkiye Tel: 0530 145 52 130536 016 64 84 Email:\u00a0info@armaluks.com<\/p>\n","protected":false},"author":1,"featured_media":0,"parent":0,"menu_order":0,"comment_status":"closed","ping_status":"closed","template":"template\/full-width-template.php","meta":{"footnotes":""},"class_list":["post-1270","page","type-page","status-publish","hentry"],"yoast_head":"<!-- This site is optimized with the Yoast SEO plugin v27.0 - https:\/\/yoast.com\/product\/yoast-seo-wordpress\/ -->\n<title>\u0130leti\u015fim - Armal\u00fcks Lazer Kesim - B\u00fck\u00fcm - \u00c7elik imalat<\/title>\n<meta name=\"description\" content=\"Armal\u00fcks Lazer uygun fiyatl\u0131 profesyonel lazer kesim,30 KW g\u00fcc\u00fcnde Lazer Kesim, B\u00fck\u00fcm, \u00c7elik \u0130malat i\u00e7in Hemen \u0130leti\u015fime Ge\u00e7in 0530 145 52 13\" \/>\n<meta name=\"robots\" content=\"index, follow, max-snippet:-1, max-image-preview:large, max-video-preview:-1\" \/>\n<link rel=\"canonical\" href=\"https:\/\/armaluks.com\/armaluks\/iletisim\/\" \/>\n<meta property=\"og:locale\" content=\"tr_TR\" \/>\n<meta property=\"og:type\" content=\"article\" \/>\n<meta property=\"og:title\" content=\"\u0130leti\u015fim - Armal\u00fcks Lazer Kesim - B\u00fck\u00fcm - \u00c7elik imalat\" \/>\n<meta property=\"og:description\" content=\"Armal\u00fcks Lazer uygun fiyatl\u0131 profesyonel lazer kesim,30 KW g\u00fcc\u00fcnde Lazer Kesim, B\u00fck\u00fcm, \u00c7elik \u0130malat i\u00e7in Hemen \u0130leti\u015fime Ge\u00e7in 0530 145 52 13\" \/>\n<meta property=\"og:url\" content=\"https:\/\/armaluks.com\/armaluks\/iletisim\/\" \/>\n<meta property=\"og:site_name\" content=\"Armal\u00fcks Lazer Kesim - B\u00fck\u00fcm - \u00c7elik imalat\" \/>\n<meta property=\"article:modified_time\" content=\"2025-11-06T10:50:29+00:00\" \/>\n<meta property=\"og:image\" content=\"https:\/\/armaluks.com\/armaluks\/wp-content\/uploads\/2023\/12\/cropped-Armaluksj-logo-1-1.png\" \/>\n\t<meta property=\"og:image:width\" content=\"512\" \/>\n\t<meta property=\"og:image:height\" content=\"512\" \/>\n\t<meta property=\"og:image:type\" content=\"image\/png\" \/>\n<meta name=\"twitter:card\" content=\"summary_large_image\" \/>\n<meta name=\"twitter:label1\" content=\"Tahmini okuma s\u00fcresi\" \/>\n\t<meta name=\"twitter:data1\" content=\"1 dakika\" \/>\n<script type=\"application\/ld+json\" class=\"yoast-schema-graph\">{\"@context\":\"https:\/\/schema.org\",\"@graph\":[{\"@type\":\"WebPage\",\"@id\":\"https:\/\/armaluks.com\/armaluks\/iletisim\/\",\"url\":\"https:\/\/armaluks.com\/armaluks\/iletisim\/\",\"name\":\"\u0130leti\u015fim - Armal\u00fcks Lazer Kesim - B\u00fck\u00fcm - \u00c7elik imalat\",\"isPartOf\":{\"@id\":\"https:\/\/armaluks.com\/armaluks\/#website\"},\"datePublished\":\"2019-04-25T11:25:37+00:00\",\"dateModified\":\"2025-11-06T10:50:29+00:00\",\"description\":\"Armal\u00fcks Lazer uygun fiyatl\u0131 profesyonel lazer kesim,30 KW g\u00fcc\u00fcnde Lazer Kesim, B\u00fck\u00fcm, \u00c7elik \u0130malat i\u00e7in Hemen \u0130leti\u015fime Ge\u00e7in 0530 145 52 13\",\"breadcrumb\":{\"@id\":\"https:\/\/armaluks.com\/armaluks\/iletisim\/#breadcrumb\"},\"inLanguage\":\"tr\",\"potentialAction\":[{\"@type\":\"ReadAction\",\"target\":[\"https:\/\/armaluks.com\/armaluks\/iletisim\/\"]}]},{\"@type\":\"BreadcrumbList\",\"@id\":\"https:\/\/armaluks.com\/armaluks\/iletisim\/#breadcrumb\",\"itemListElement\":[{\"@type\":\"ListItem\",\"position\":1,\"name\":\"Anasayfa\",\"item\":\"https:\/\/armaluks.com\/armaluks\/\"},{\"@type\":\"ListItem\",\"position\":2,\"name\":\"\u0130leti\u015fim\"}]},{\"@type\":\"WebSite\",\"@id\":\"https:\/\/armaluks.com\/armaluks\/#website\",\"url\":\"https:\/\/armaluks.com\/armaluks\/\",\"name\":\"Armal\u00fcks Lazer Kesim - B\u00fck\u00fcm\",\"description\":\"ANKARA FASON LAZER KES\u0130M\",\"publisher\":{\"@id\":\"https:\/\/armaluks.com\/armaluks\/#organization\"},\"potentialAction\":[{\"@type\":\"SearchAction\",\"target\":{\"@type\":\"EntryPoint\",\"urlTemplate\":\"https:\/\/armaluks.com\/armaluks\/?s={search_term_string}\"},\"query-input\":{\"@type\":\"PropertyValueSpecification\",\"valueRequired\":true,\"valueName\":\"search_term_string\"}}],\"inLanguage\":\"tr\"},{\"@type\":\"Organization\",\"@id\":\"https:\/\/armaluks.com\/armaluks\/#organization\",\"name\":\"Armal\u00fcks Lazer Kesim - B\u00fck\u00fcm - \u00c7elik \u0130malat\",\"url\":\"https:\/\/armaluks.com\/armaluks\/\",\"logo\":{\"@type\":\"ImageObject\",\"inLanguage\":\"tr\",\"@id\":\"https:\/\/armaluks.com\/armaluks\/#\/schema\/logo\/image\/\",\"url\":\"https:\/\/armaluks.com\/armaluks\/wp-content\/uploads\/2023\/03\/Armaluks-logo-02-01-01a.png\",\"contentUrl\":\"https:\/\/armaluks.com\/armaluks\/wp-content\/uploads\/2023\/03\/Armaluks-logo-02-01-01a.png\",\"width\":2505,\"height\":848,\"caption\":\"Armal\u00fcks Lazer Kesim - B\u00fck\u00fcm - \u00c7elik \u0130malat\"},\"image\":{\"@id\":\"https:\/\/armaluks.com\/armaluks\/#\/schema\/logo\/image\/\"},\"sameAs\":[\"https:\/\/instagram.com\/lazer06armaluks\"]}]}<\/script>\n<!-- \/ Yoast SEO plugin. -->","yoast_head_json":{"title":"\u0130leti\u015fim - Armal\u00fcks Lazer Kesim - B\u00fck\u00fcm - \u00c7elik imalat","description":"Armal\u00fcks Lazer uygun fiyatl\u0131 profesyonel lazer kesim,30 KW g\u00fcc\u00fcnde Lazer Kesim, B\u00fck\u00fcm, \u00c7elik \u0130malat i\u00e7in Hemen \u0130leti\u015fime Ge\u00e7in 0530 145 52 13","robots":{"index":"index","follow":"follow","max-snippet":"max-snippet:-1","max-image-preview":"max-image-preview:large","max-video-preview":"max-video-preview:-1"},"canonical":"https:\/\/armaluks.com\/armaluks\/iletisim\/","og_locale":"tr_TR","og_type":"article","og_title":"\u0130leti\u015fim - Armal\u00fcks Lazer Kesim - B\u00fck\u00fcm - \u00c7elik imalat","og_description":"Armal\u00fcks Lazer uygun fiyatl\u0131 profesyonel lazer kesim,30 KW g\u00fcc\u00fcnde Lazer Kesim, B\u00fck\u00fcm, \u00c7elik \u0130malat i\u00e7in Hemen \u0130leti\u015fime Ge\u00e7in 0530 145 52 13","og_url":"https:\/\/armaluks.com\/armaluks\/iletisim\/","og_site_name":"Armal\u00fcks Lazer Kesim - B\u00fck\u00fcm - \u00c7elik imalat","article_modified_time":"2025-11-06T10:50:29+00:00","og_image":[{"width":512,"height":512,"url":"https:\/\/armaluks.com\/armaluks\/wp-content\/uploads\/2023\/12\/cropped-Armaluksj-logo-1-1.png","type":"image\/png"}],"twitter_card":"summary_large_image","twitter_misc":{"Tahmini okuma s\u00fcresi":"1 dakika"},"schema":{"@context":"https:\/\/schema.org","@graph":[{"@type":"WebPage","@id":"https:\/\/armaluks.com\/armaluks\/iletisim\/","url":"https:\/\/armaluks.com\/armaluks\/iletisim\/","name":"\u0130leti\u015fim - Armal\u00fcks Lazer Kesim - B\u00fck\u00fcm - \u00c7elik imalat","isPartOf":{"@id":"https:\/\/armaluks.com\/armaluks\/#website"},"datePublished":"2019-04-25T11:25:37+00:00","dateModified":"2025-11-06T10:50:29+00:00","description":"Armal\u00fcks Lazer uygun fiyatl\u0131 profesyonel lazer kesim,30 KW g\u00fcc\u00fcnde Lazer Kesim, B\u00fck\u00fcm, \u00c7elik \u0130malat i\u00e7in Hemen \u0130leti\u015fime Ge\u00e7in 0530 145 52 13","breadcrumb":{"@id":"https:\/\/armaluks.com\/armaluks\/iletisim\/#breadcrumb"},"inLanguage":"tr","potentialAction":[{"@type":"ReadAction","target":["https:\/\/armaluks.com\/armaluks\/iletisim\/"]}]},{"@type":"BreadcrumbList","@id":"https:\/\/armaluks.com\/armaluks\/iletisim\/#breadcrumb","itemListElement":[{"@type":"ListItem","position":1,"name":"Anasayfa","item":"https:\/\/armaluks.com\/armaluks\/"},{"@type":"ListItem","position":2,"name":"\u0130leti\u015fim"}]},{"@type":"WebSite","@id":"https:\/\/armaluks.com\/armaluks\/#website","url":"https:\/\/armaluks.com\/armaluks\/","name":"Armal\u00fcks Lazer Kesim - B\u00fck\u00fcm","description":"ANKARA FASON LAZER KES\u0130M","publisher":{"@id":"https:\/\/armaluks.com\/armaluks\/#organization"},"potentialAction":[{"@type":"SearchAction","target":{"@type":"EntryPoint","urlTemplate":"https:\/\/armaluks.com\/armaluks\/?s={search_term_string}"},"query-input":{"@type":"PropertyValueSpecification","valueRequired":true,"valueName":"search_term_string"}}],"inLanguage":"tr"},{"@type":"Organization","@id":"https:\/\/armaluks.com\/armaluks\/#organization","name":"Armal\u00fcks Lazer Kesim - B\u00fck\u00fcm - \u00c7elik \u0130malat","url":"https:\/\/armaluks.com\/armaluks\/","logo":{"@type":"ImageObject","inLanguage":"tr","@id":"https:\/\/armaluks.com\/armaluks\/#\/schema\/logo\/image\/","url":"https:\/\/armaluks.com\/armaluks\/wp-content\/uploads\/2023\/03\/Armaluks-logo-02-01-01a.png","contentUrl":"https:\/\/armaluks.com\/armaluks\/wp-content\/uploads\/2023\/03\/Armaluks-logo-02-01-01a.png","width":2505,"height":848,"caption":"Armal\u00fcks Lazer Kesim - B\u00fck\u00fcm - \u00c7elik \u0130malat"},"image":{"@id":"https:\/\/armaluks.com\/armaluks\/#\/schema\/logo\/image\/"},"sameAs":["https:\/\/instagram.com\/lazer06armaluks"]}]}},"_links":{"self":[{"href":"https:\/\/armaluks.com\/armaluks\/wp-json\/wp\/v2\/pages\/1270","targetHints":{"allow":["GET"]}}],"collection":[{"href":"https:\/\/armaluks.com\/armaluks\/wp-json\/wp\/v2\/pages"}],"about":[{"href":"https:\/\/armaluks.com\/armaluks\/wp-json\/wp\/v2\/types\/page"}],"author":[{"embeddable":true,"href":"https:\/\/armaluks.com\/armaluks\/wp-json\/wp\/v2\/users\/1"}],"replies":[{"embeddable":true,"href":"https:\/\/armaluks.com\/armaluks\/wp-json\/wp\/v2\/comments?post=1270"}],"version-history":[{"count":66,"href":"https:\/\/armaluks.com\/armaluks\/wp-json\/wp\/v2\/pages\/1270\/revisions"}],"predecessor-version":[{"id":2204,"href":"https:\/\/armaluks.com\/armaluks\/wp-json\/wp\/v2\/pages\/1270\/revisions\/2204"}],"wp:attachment":[{"href":"https:\/\/armaluks.com\/armaluks\/wp-json\/wp\/v2\/media?parent=1270"}],"curies":[{"name":"wp","href":"https:\/\/api.w.org\/{rel}","templated":true}]}}